{"id":7,"date":"2024-01-25T18:47:07","date_gmt":"2024-01-25T17:47:07","guid":{"rendered":"http:\/\/waamindustry.pl\/index.php\/mesmerize\/"},"modified":"2025-04-08T16:04:57","modified_gmt":"2025-04-08T14:04:57","slug":"front-page","status":"publish","type":"page","link":"https:\/\/waamindustry.pl\/","title":{"rendered":"Front Page"},"content":{"rendered":"<div  data-label=\"Logo\" data-id=\"features--3\" data-export-id=\"features-16-card-bordered-mc\" data-category=\"features\" class=\"features-16-card-bordered-mc content-section content-section-spacing\" id=\"logo\" style=\"background-color: rgb(255, 255, 255);\"><div  class=\"gridContainer\"> <div  class=\"row text-center\"><div  class=\"section-title-col\" data-type=\"column\">   <\/div> <\/div> <div  class=\"row spaced-cols center-sm\" data-type=\"row\">   <div  class=\"col-xs-12 col-sm-6 col-md-4\"><div  class=\"card no-padding bordered y-move\"> <img  decoding=\"async\" class=\"face\" src=\"http:\/\/waamindustry.pl\/wp-content\/uploads\/2024\/01\/WAAM-pion-kolor.svg\" title=\"WAAM pion kolor\" alt=\"\"> <div  data-type=\"column\" class=\"col-padding-small col-padding-small-xs description-container\">  <\/div> <div  data-type=\"column\" class=\"col-padding-small col-padding-small-xs read-more-container\"><\/div> <\/div><\/div> <\/div><\/div> <\/div><div  data-label=\"O nas\" data-id=\"features--2\" data-export-id=\"features-16\" data-category=\"features\" class=\"features-16 content-section content-section-spacing\" id=\"o-nas\" style=\"background-color: rgb(255, 255, 255);\" data-bullets-visibility=\"true\"><div  class=\"gridContainer\"> <div  class=\"row text-center\"><div  class=\"section-title-col\" data-type=\"column\">  <p  class=\"lead\">WAAM Industry to zesp\u00f3\u0142 wysoko wykwalifikowanych technik\u00f3w, kt\u00f3rzy s\u0105 w stanie sprosta\u0107 nawet najbardziej wymagaj\u0105cym projektom. Swoj\u0105 dzia\u0142alno\u015b\u0107 skupiamy w nast\u0119puj\u0105cych dziedzinach:<\/p><\/div> <\/div> <div  class=\"row spaced-cols content-left-sm center-sm\" data-type=\"row\"> <div  class=\"col-xs-12 col-sm-6 col-md-4 space-bottom\"> <img  decoding=\"async\" class=\"face\" src=\"http:\/\/waamindustry.pl\/wp-content\/uploads\/2024\/01\/uruchamianie_urzadzen.png\" title=\"uruchamianie_urzadzen\" alt=\"\"> <div  data-type=\"column\" class=\"col-padding-small col-padding-small-xs description-container\"> <h4  class=\"font-500\"><span >Instalacja oraz relokacja maszyn, urz\u0105dze\u0144 i linii technologicznych\n<br >\u200b<\/span><\/h4>  <p  class=\"\">W zakresie monta\u017cu, relokacji maszyn i urz\u0105dze\u0144 firma posiada do\u015bwiadczenie w prowadzeniu prac zar\u00f3wno na nowych terenach, jak i w zak\u0142adach istniej\u0105cych. Jej wykwalifikowany personel jest w stanie przeprowadzi\u0107 monta\u017c i relokacj\u0119 r\u00f3\u017cnego rodzaju maszyn i urz\u0105dze\u0144, takich jak linie produkcyjne, urz\u0105dzenia technologiczne czy maszyny przemys\u0142owe. Firma jest w pe\u0142ni wyposa\u017cona w odpowiedni sprz\u0119t monta\u017cowy, dzi\u0119ki czemu mo\u017ce zapewni\u0107 wysok\u0105 jako\u015b\u0107 prac.<\/p><\/div> <\/div> <div  class=\"col-xs-12 col-sm-6 col-md-4 space-bottom\"> <img  decoding=\"async\" class=\"face\" src=\"http:\/\/waamindustry.pl\/wp-content\/uploads\/2024\/01\/rury.png\" title=\"rury\" alt=\"\"> <div  data-type=\"column\" class=\"col-padding-small col-padding-small-xs description-container\"> <h4  class=\"font-500\"><span >Budowa oraz monta\u017c ruroci\u0105g\u00f3w przemys\u0142owych g\u0142\u00f3wnie ze stali nierdzewnej<\/span>\n<br >\u200b<\/h4>  <p  class=\"\">WAAM Industry zajmuj\u0119 si\u0119 r\u00f3wnie\u017c budow\u0105 i monta\u017cem ruroci\u0105g\u00f3w, w\u0142\u0105czaj\u0105c w to zar\u00f3wno ruroci\u0105gi dla medi\u00f3w p\u0142ynnych, jak i gazowych. Nasza firma posiada odpowiednie kwalifikacje i wiedz\u0119, aby zapewni\u0107 precyzyjne wykonanie instalacji ruroci\u0105g\u00f3w zgodnie z wymaganiami klienta i bowi\u0105zuj\u0105cymi przepisami.<\/p><\/div> <\/div> <div  class=\"col-xs-12 col-sm-6 col-md-4 space-bottom\"> <img  decoding=\"async\" class=\"face\" src=\"http:\/\/waamindustry.pl\/wp-content\/uploads\/2024\/01\/zbiorniki.png\" title=\"zbiorniki\" alt=\"\"> <div  data-type=\"column\" class=\"col-padding-small col-padding-small-xs description-container\"> <h4  class=\"font-500\"><br >Instalacja zbiornik\u00f3w\n\n<br >\n<br >\u200b<\/h4>  <p  class=\"\">W naszej ofercie znajduje si\u0119 tak\u017ce monta\u017c instalacji zbiornik\u00f3w oraz armatury przemys\u0142owej. Nasi specjali\u015bci posiadaj\u0105 niezb\u0119dne umiej\u0119tno\u015bci i do\u015bwiadczenie, aby skutecznie zainstalowa\u0107 r\u00f3\u017cnorodne zbiorniki i elementy armatury przemys\u0142owej, zapewniaj\u0105c ich prawid\u0142owe dzia\u0142anie i bezpiecze\u0144stwo.<\/p><\/div> <\/div><div  class=\"col-xs-12 col-sm-6 col-md-4 space-bottom\"> <img  decoding=\"async\" class=\"face\" src=\"http:\/\/waamindustry.pl\/wp-content\/uploads\/2024\/01\/armatura.png\" title=\"armatura\" alt=\"\"> <div  data-type=\"column\" class=\"col-padding-small col-padding-small-xs description-container\"> <h4  class=\"font-500\"><br >Instalacja armatury przemys\u0142owej\n<br >\u200b<br >\u200b<\/h4> <p  class=\"\">WAAM Industry stawia na indywidualne podej\u015bcie do klienta, konsultuj\u0105c i dostosowuj\u0105c swoje us\u0142ugi do jego potrzeb. Nasze us\u0142ugi charakteryzuj\u0105 si\u0119 wysok\u0105 jako\u015bci\u0105 wykonania, terminowo\u015bci\u0105 i profesjonalnym podej\u015bciem do ka\u017cdego projektu.<\/p> <\/div> <\/div><\/div> <\/div><\/div><div  data-label=\"Team\" data-id=\"team--1\" data-export-id=\"team-5-mc\" data-category=\"team\" class=\"team-5-mc content-section content-section-spacing\" id=\"team\" style=\"background-color: rgb(255, 255, 255);\" data-bullets-visibility=\"true\"><div  class=\"gridContainer\"> <div  class=\"row text-center\"><div  class=\"section-title-col\" data-type=\"column\">  <h2  class=\"\">Nasz zesp\u00f3\u0142&nbsp;<\/h2> <p  class=\"lead\">Je\u015bli chcia\u0142by\u015b uzyska\u0107 konkretne informacje na dany temat, skontaktuj si\u0119 z nami bezpo\u015brednio.\n<br >WAAM Industry Sp. z o.o.<br >ul. Stanis\u0142awa Sulimy 1 lok. 226, 80-300 Elbl\u0105g<br >NIP: 5783164297<\/p><\/div> <\/div> <div  class=\"row spaced-cols content-center-sm\" data-type=\"row\">    <div  class=\"col-xs-12 col-sm-6 col-md-3 col-padding\"> <div  class=\"row \"> <div  data-type=\"column\" class=\"col-xs-12 col-sm-12\"> <img  decoding=\"async\" class=\"round face\" src=\"http:\/\/waamindustry.pl\/wp-content\/uploads\/2024\/02\/cropped-human.png\" title=\"cropped-human.png\" alt=\"\"> <h4  class=\"font-500\">\u200b<br >Wojciech Chocho\u0142\u200b<\/h4> <p  class=\"italic\">Technical coordinatior\n<br >Owner<br >w.chochol@waamindustry.pl&nbsp;<br >+48 518 714 704<\/p>  <div  class=\"social-icons-group\" data-type=\"group\"> <a  href=\"#\"><i  class=\"gray fa icon fa-facebook-square small\"><\/i><\/a> <a  href=\"#\"><i  class=\"gray fa icon fa-twitter-square small\"><\/i><\/a> <a  href=\"#\"><i  class=\"gray fa icon fa-linkedin-square small\"><\/i><\/a> <a  href=\"#\"><i  class=\"gray fa icon fa-google-plus-square small\"><\/i><\/a><\/div> <\/div><\/div> <\/div><div  class=\"col-xs-12 col-sm-6 col-md-3 col-padding\"> <div  class=\"row \"> <div  data-type=\"column\" class=\"col-xs-12 col-sm-12\"> <img  decoding=\"async\" class=\"round face\" src=\"http:\/\/waamindustry.pl\/wp-content\/uploads\/2024\/02\/cropped-human.png\" title=\"cropped-human.png\" alt=\"\"> <h4  class=\"font-500\">\u2800<br >Pawe\u0142 Bojanowski<\/h4> <p  class=\"italic\"><br >Project coordinator\n<br >\u2800\u2800\u2800<br >p.bojanowski@waamindustry.pl&nbsp;<br >+48 791 708 798<\/p>  <div  class=\"social-icons-group\" data-type=\"group\"> <a  href=\"#\"><i  class=\"gray fa icon fa-facebook-square small\"><\/i><\/a> <a  href=\"#\"><i  class=\"gray fa icon fa-twitter-square small\"><\/i><\/a> <a  href=\"#\"><i  class=\"gray fa icon fa-linkedin-square small\"><\/i><\/a> <a  href=\"#\"><i  class=\"gray fa icon fa-google-plus-square small\"><\/i><\/a><\/div> <\/div><\/div> <\/div><div  class=\"col-xs-12 col-sm-6 col-md-3 col-padding\"> <div  class=\"row \"> <div  data-type=\"column\" class=\"col-xs-12 col-sm-12\"> <img  decoding=\"async\" class=\"round face\" src=\"http:\/\/waamindustry.pl\/wp-content\/uploads\/2024\/02\/cropped-info.png\" title=\"cropped-info.png\" alt=\"\"> <h4  class=\"font-500\">\u200b<br >Biuro<\/h4> <p  class=\"italic\">\n<br ><br >info@waamindustry.pl&nbsp;<br >+48 537 118 573<\/p>  <div  class=\"social-icons-group\" data-type=\"group\"> <a  href=\"#\"><i  class=\"gray fa icon fa-facebook-square small\"><\/i><\/a> <a  href=\"#\"><i  class=\"gray fa icon fa-twitter-square small\"><\/i><\/a> <a  href=\"#\"><i  class=\"gray fa icon fa-linkedin-square small\"><\/i><\/a> <a  href=\"#\"><i  class=\"gray fa icon fa-google-plus-square small\"><\/i><\/a><\/div> <\/div><\/div> <\/div><\/div> <\/div><\/div><div  data-label=\"Kontakt\" data-id=\"contact--1\" data-export-id=\"contact-1-mc\" data-category=\"contact\" class=\"contact-1-mc content-section content-section-spacing white-text\" data-parallax-depth=\"20\" id=\"kontakt\" style=\"background-color: rgb(245, 250, 253); background-size: cover; background-position: center top; background-image: url(&quot;http:\/\/waamindustry.pl\/wp-content\/uploads\/2024\/01\/3_real.png&quot;);\" data-bullets-visibility=\"true\"><div  class=\"gridContainer\"> <div  class=\"row text-center\"><div  class=\"section-title-col\" data-type=\"column\"> <h5  class=\"\" style=\"font-family: khand !important; font-style: italic !important;\"><\/h5> <h2  class=\"\" style=\"font-family: khand !important; font-style: italic !important;\">Napisz do nas<\/h2> <p  class=\"lead\">Masz pytania lub sugestie? Nie wahaj si\u0119 skontaktowa\u0107 z nami! Wype\u0142nij poni\u017cszy formularz lub wy\u015blij wiadomo\u015b\u0107 na nasz adres\n<br >e-mail: <span ><u >info@waamindustry.pl<\/u><\/span><br >Jeste\u015bmy tu, aby Ci pom\u00f3c i odpowiedzie\u0107 na wszelkie zapytania. <\/p><\/div> <\/div> <div  class=\"row text-center\"> <div  class=\"col-xs-12 col-sm-8 col-sm-offset-2 contact-form-wrapper inline-info\"> <div  class=\"card large-padding\"> <div  class=\"\" data-content-shortcode=\"mesmerize_contact_form shortcode=&quot;wpforms id=&amp;amp;quot;39&amp;amp;quot; title=&amp;amp;quot;false&amp;amp;quot;&quot;\" data-editable=\"true\"><div class=\"wpforms-container wpforms-container-full wpforms-render-modern\" id=\"wpforms-39\"><form id=\"wpforms-form-39\" class=\"wpforms-validate wpforms-form wpforms-ajax-form\" data-formid=\"39\" method=\"post\" enctype=\"multipart\/form-data\" action=\"\/index.php\/wp-json\/wp\/v2\/pages\/7\" data-token=\"18d260e79e7b73decc38346e6076e16e\" data-token-time=\"1777452331\"><noscript class=\"wpforms-error-noscript\">Aby wype\u0142ni\u0107 ten formularz, w\u0142\u0105cz obs\u0142ug\u0119 JavaScript w przegl\u0105darce.<\/noscript><div class=\"wpforms-hidden\" id=\"wpforms-error-noscript\">Aby wype\u0142ni\u0107 ten formularz, w\u0142\u0105cz obs\u0142ug\u0119 JavaScript w przegl\u0105darce.<\/div><div class=\"wpforms-field-container\"><div id=\"wpforms-39-field_0-container\" class=\"wpforms-field wpforms-field-name\" data-field-id=\"0\"><fieldset><legend class=\"wpforms-field-label\">Twoje dane <span class=\"wpforms-required-label\" aria-hidden=\"true\">*<\/span><\/legend><div class=\"wpforms-field-row wpforms-field-medium\"><div class=\"wpforms-field-row-block wpforms-first wpforms-one-half\"><input type=\"text\" id=\"wpforms-39-field_0\" class=\"wpforms-field-name-first wpforms-field-required\" name=\"wpforms[fields][0][first]\" aria-errormessage=\"wpforms-39-field_0-error\" required><label for=\"wpforms-39-field_0\" class=\"wpforms-field-sublabel after\">Imi\u0119<\/label><\/div><div class=\"wpforms-field-row-block wpforms-one-half\"><input type=\"text\" id=\"wpforms-39-field_0-last\" class=\"wpforms-field-name-last wpforms-field-required\" name=\"wpforms[fields][0][last]\" aria-errormessage=\"wpforms-39-field_0-last-error\" required><label for=\"wpforms-39-field_0-last\" class=\"wpforms-field-sublabel after\">Nazwisko<\/label><\/div><\/div><\/fieldset><\/div><div id=\"wpforms-39-field_1-container\" class=\"wpforms-field wpforms-field-email\" data-field-id=\"1\"><label class=\"wpforms-field-label\" for=\"wpforms-39-field_1\">Adres e-mail <span class=\"wpforms-required-label\" aria-hidden=\"true\">*<\/span><\/label><input type=\"email\" id=\"wpforms-39-field_1\" class=\"wpforms-field-medium wpforms-field-required\" name=\"wpforms[fields][1]\" spellcheck=\"false\" aria-errormessage=\"wpforms-39-field_1-error\" required><\/div><div id=\"wpforms-39-field_2-container\" class=\"wpforms-field wpforms-field-textarea\" data-field-id=\"2\"><label class=\"wpforms-field-label\" for=\"wpforms-39-field_2\">Komentarz lub wiadomo\u015b\u0107<\/label><textarea id=\"wpforms-39-field_2\" class=\"wpforms-field-medium\" name=\"wpforms[fields][2]\" aria-errormessage=\"wpforms-39-field_2-error\" ><\/textarea><\/div><div id=\"wpforms-39-field_3-container\" class=\"wpforms-field wpforms-field-checkbox\" data-field-id=\"3\"><fieldset><legend class=\"wpforms-field-label\">Wymagane zgody <span class=\"wpforms-required-label\" aria-hidden=\"true\">*<\/span><\/legend><ul id=\"wpforms-39-field_3\" class=\"wpforms-field-required\"><li class=\"choice-1 depth-1\"><input type=\"checkbox\" id=\"wpforms-39-field_3_1\" name=\"wpforms[fields][3][]\" value=\"Akceptuj\u0119 &lt;a href=&quot;http:\/\/waamindustry.pl\/index.php\/polityka-prywatnosci\/&quot; target=&quot;_blank&quot;&gt;polityk\u0119 prywatno\u015bci&lt;\/a&gt;\" aria-errormessage=\"wpforms-39-field_3_1-error\" required ><label class=\"wpforms-field-label-inline\" for=\"wpforms-39-field_3_1\">Akceptuj\u0119 <a href=\"http:\/\/waamindustry.pl\/index.php\/polityka-prywatnosci\/\" target=\"_blank\">polityk\u0119 prywatno\u015bci<\/a><\/label><\/li><\/ul><\/fieldset><\/div><\/div><!-- .wpforms-field-container --><div class=\"wpforms-recaptcha-container wpforms-is-recaptcha wpforms-is-recaptcha-type-invisible\" ><div class=\"g-recaptcha\" data-sitekey=\"6Ld2xIopAAAAAEiQ4TmamZJMzkO_XIgvkoyshXgM\" data-size=\"invisible\"><\/div><\/div><div class=\"wpforms-submit-container\" ><input type=\"hidden\" name=\"wpforms[id]\" value=\"39\"><input type=\"hidden\" name=\"page_title\" value=\"\"><input type=\"hidden\" name=\"page_url\" value=\"https:\/\/waamindustry.pl\/index.php\/wp-json\/wp\/v2\/pages\/7\"><button type=\"submit\" name=\"wpforms[submit]\" id=\"wpforms-submit-39\" class=\"wpforms-submit\" data-alt-text=\"Wysy\u0142anie...\" data-submit-text=\"Prze\u015blij\" aria-live=\"assertive\" value=\"wpforms-submit\">Prze\u015blij<\/button><img loading=\"lazy\" decoding=\"async\" src=\"https:\/\/waamindustry.pl\/wp-content\/plugins\/wpforms-lite\/assets\/images\/submit-spin.svg\" class=\"wpforms-submit-spinner\" style=\"display: none;\" width=\"26\" height=\"26\" alt=\"Wczytywanie\"><\/div><\/form><\/div>  <!-- .wpforms-container --><\/div><\/div> <\/div><\/div> <\/div><\/div>","protected":false},"excerpt":{"rendered":"<p>WAAM Industry to zesp\u00f3\u0142 wysoko wykwalifikowanych technik\u00f3w, kt\u00f3rzy s\u0105 w stanie sprosta\u0107 nawet najbardziej wymagaj\u0105cym projektom. Swoj\u0105 dzia\u0142alno\u015b\u0107 skupiamy w nast\u0119puj\u0105cych dziedzinach: Instalacja oraz relokacja maszyn, urz\u0105dze\u0144 i linii technologicznych \u200b W zakresie monta\u017cu, relokacji maszyn i urz\u0105dze\u0144 firma posiada do\u015bwiadczenie w prowadzeniu prac zar\u00f3wno na nowych terenach, jak i w zak\u0142adach istniej\u0105cych. Jej wykwalifikowany&hellip; <br \/> <a class=\"read-more\" href=\"https:\/\/waamindustry.pl\/\">Dowiedz si\u0119 wi\u0119cej<\/a><\/p>\n","protected":false},"author":1,"featured_media":0,"parent":0,"menu_order":0,"comment_status":"closed","ping_status":"closed","template":"page-templates\/homepage.php","meta":{"footnotes":""},"class_list":["post-7","page","type-page","status-publish","hentry"],"_links":{"self":[{"href":"https:\/\/waamindustry.pl\/index.php\/wp-json\/wp\/v2\/pages\/7","targetHints":{"allow":["GET"]}}],"collection":[{"href":"https:\/\/waamindustry.pl\/index.php\/wp-json\/wp\/v2\/pages"}],"about":[{"href":"https:\/\/waamindustry.pl\/index.php\/wp-json\/wp\/v2\/types\/page"}],"author":[{"embeddable":true,"href":"https:\/\/waamindustry.pl\/index.php\/wp-json\/wp\/v2\/users\/1"}],"replies":[{"embeddable":true,"href":"https:\/\/waamindustry.pl\/index.php\/wp-json\/wp\/v2\/comments?post=7"}],"version-history":[{"count":89,"href":"https:\/\/waamindustry.pl\/index.php\/wp-json\/wp\/v2\/pages\/7\/revisions"}],"predecessor-version":[{"id":1087,"href":"https:\/\/waamindustry.pl\/index.php\/wp-json\/wp\/v2\/pages\/7\/revisions\/1087"}],"wp:attachment":[{"href":"https:\/\/waamindustry.pl\/index.php\/wp-json\/wp\/v2\/media?parent=7"}],"curies":[{"name":"wp","href":"https:\/\/api.w.org\/{rel}","templated":true}]}}